{"id":37,"date":"2024-02-15T23:12:14","date_gmt":"2024-02-15T22:12:14","guid":{"rendered":"https:\/\/ts-couverture.com\/?page_id=37"},"modified":"2024-10-16T20:32:26","modified_gmt":"2024-10-16T18:32:26","slug":"realisations","status":"publish","type":"page","link":"https:\/\/ts-couverture.com\/index.php\/realisations\/","title":{"rendered":"R\u00e9alisations"},"content":{"rendered":"\n<h2 class=\"wp-block-heading\">Ce que nous avons r\u00e9alis\u00e9<\/h2>\n\n\n\n<h2 class=\"wp-block-heading\">Vid\u00e9os<\/h2>\n\n\n\n<figure class=\"wp-block-video\"><video height=\"848\" style=\"aspect-ratio: 480 \/ 848;\" width=\"480\" controls src=\"https:\/\/ts-couverture.com\/wp-content\/uploads\/2024\/02\/WhatsApp-Video-2024-02-14-at-19.23.49.mp4\"><\/video><\/figure>\n\n\n\n<p><\/p>\n\n\n\n<h2 class=\"wp-block-heading\">Photos<\/h2>\n\n\n\n<p><\/p>\n\n\n\n<figure class=\"wp-block-gallery has-nested-images columns-default is-cropped wp-block-gallery-1 is-layout-flex wp-block-gallery-is-layout-flex\">\n<figure class=\"wp-block-image size-large\"><img loading=\"lazy\" decoding=\"async\" width=\"764\" height=\"1024\" data-id=\"166\" src=\"https:\/\/ts-couverture.com\/wp-content\/uploads\/2024\/10\/WhatsApp-Image-2024-10-16-at-19.05.33-764x1024.jpeg\" alt=\"\" class=\"wp-image-166\" srcset=\"https:\/\/ts-couverture.com\/wp-content\/uploads\/2024\/10\/WhatsApp-Image-2024-10-16-at-19.05.33-764x1024.jpeg 764w, https:\/\/ts-couverture.com\/wp-content\/uploads\/2024\/10\/WhatsApp-Image-2024-10-16-at-19.05.33-224x300.jpeg 224w, https:\/\/ts-couverture.com\/wp-content\/uploads\/2024\/10\/WhatsApp-Image-2024-10-16-at-19.05.33-768x1030.jpeg 768w, https:\/\/ts-couverture.com\/wp-content\/uploads\/2024\/10\/WhatsApp-Image-2024-10-16-at-19.05.33-1145x1536.jpeg 1145w, https:\/\/ts-couverture.com\/wp-content\/uploads\/2024\/10\/WhatsApp-Image-2024-10-16-at-19.05.33.jpeg 1179w\" sizes=\"auto, (max-width: 764px) 100vw, 764px\" \/><\/figure>\n\n\n\n<figure class=\"wp-block-image size-large\"><img loading=\"lazy\" decoding=\"async\" width=\"1024\" height=\"768\" data-id=\"172\" src=\"https:\/\/ts-couverture.com\/wp-content\/uploads\/2024\/10\/WhatsApp-Image-2024-10-16-at-19.05.44-1024x768.jpeg\" alt=\"\" class=\"wp-image-172\" srcset=\"https:\/\/ts-couverture.com\/wp-content\/uploads\/2024\/10\/WhatsApp-Image-2024-10-16-at-19.05.44-1024x768.jpeg 1024w, https:\/\/ts-couverture.com\/wp-content\/uploads\/2024\/10\/WhatsApp-Image-2024-10-16-at-19.05.44-300x225.jpeg 300w, https:\/\/ts-couverture.com\/wp-content\/uploads\/2024\/10\/WhatsApp-Image-2024-10-16-at-19.05.44-768x576.jpeg 768w, https:\/\/ts-couverture.com\/wp-content\/uploads\/2024\/10\/WhatsApp-Image-2024-10-16-at-19.05.44-1536x1152.jpeg 1536w, https:\/\/ts-couverture.com\/wp-content\/uploads\/2024\/10\/WhatsApp-Image-2024-10-16-at-19.05.44.jpeg 1600w\" sizes=\"auto, (max-width: 1024px) 100vw, 1024px\" \/><\/figure>\n\n\n\n<figure class=\"wp-block-image size-large\"><img loading=\"lazy\" decoding=\"async\" width=\"768\" height=\"1024\" data-id=\"173\" src=\"https:\/\/ts-couverture.com\/wp-content\/uploads\/2024\/10\/WhatsApp-Image-2024-10-16-at-19.07.02-768x1024.jpeg\" alt=\"\" class=\"wp-image-173\" srcset=\"https:\/\/ts-couverture.com\/wp-content\/uploads\/2024\/10\/WhatsApp-Image-2024-10-16-at-19.07.02-768x1024.jpeg 768w, https:\/\/ts-couverture.com\/wp-content\/uploads\/2024\/10\/WhatsApp-Image-2024-10-16-at-19.07.02-225x300.jpeg 225w, https:\/\/ts-couverture.com\/wp-content\/uploads\/2024\/10\/WhatsApp-Image-2024-10-16-at-19.07.02-1152x1536.jpeg 1152w, https:\/\/ts-couverture.com\/wp-content\/uploads\/2024\/10\/WhatsApp-Image-2024-10-16-at-19.07.02.jpeg 1200w\" sizes=\"auto, (max-width: 768px) 100vw, 768px\" \/><\/figure>\n\n\n\n<figure class=\"wp-block-image size-large\"><img loading=\"lazy\" decoding=\"async\" width=\"768\" height=\"1024\" data-id=\"170\" src=\"https:\/\/ts-couverture.com\/wp-content\/uploads\/2024\/10\/WhatsApp-Image-2024-10-16-at-19.07.03-1-768x1024.jpeg\" alt=\"\" class=\"wp-image-170\" srcset=\"https:\/\/ts-couverture.com\/wp-content\/uploads\/2024\/10\/WhatsApp-Image-2024-10-16-at-19.07.03-1-768x1024.jpeg 768w, https:\/\/ts-couverture.com\/wp-content\/uploads\/2024\/10\/WhatsApp-Image-2024-10-16-at-19.07.03-1-225x300.jpeg 225w, https:\/\/ts-couverture.com\/wp-content\/uploads\/2024\/10\/WhatsApp-Image-2024-10-16-at-19.07.03-1-1152x1536.jpeg 1152w, https:\/\/ts-couverture.com\/wp-content\/uploads\/2024\/10\/WhatsApp-Image-2024-10-16-at-19.07.03-1.jpeg 1200w\" sizes=\"auto, (max-width: 768px) 100vw, 768px\" \/><\/figure>\n\n\n\n<figure class=\"wp-block-image size-large\"><img loading=\"lazy\" decoding=\"async\" width=\"1024\" height=\"768\" data-id=\"174\" src=\"https:\/\/ts-couverture.com\/wp-content\/uploads\/2024\/10\/WhatsApp-Image-2024-10-16-at-19.07.03-2-1024x768.jpeg\" alt=\"\" class=\"wp-image-174\" srcset=\"https:\/\/ts-couverture.com\/wp-content\/uploads\/2024\/10\/WhatsApp-Image-2024-10-16-at-19.07.03-2-1024x768.jpeg 1024w, https:\/\/ts-couverture.com\/wp-content\/uploads\/2024\/10\/WhatsApp-Image-2024-10-16-at-19.07.03-2-300x225.jpeg 300w, https:\/\/ts-couverture.com\/wp-content\/uploads\/2024\/10\/WhatsApp-Image-2024-10-16-at-19.07.03-2-768x576.jpeg 768w, https:\/\/ts-couverture.com\/wp-content\/uploads\/2024\/10\/WhatsApp-Image-2024-10-16-at-19.07.03-2-1536x1152.jpeg 1536w, https:\/\/ts-couverture.com\/wp-content\/uploads\/2024\/10\/WhatsApp-Image-2024-10-16-at-19.07.03-2.jpeg 1600w\" sizes=\"auto, (max-width: 1024px) 100vw, 1024px\" \/><\/figure>\n\n\n\n<figure class=\"wp-block-image size-large\"><img loading=\"lazy\" decoding=\"async\" width=\"768\" height=\"1024\" data-id=\"167\" src=\"https:\/\/ts-couverture.com\/wp-content\/uploads\/2024\/10\/WhatsApp-Image-2024-10-16-at-19.07.03-4-768x1024.jpeg\" alt=\"\" class=\"wp-image-167\" srcset=\"https:\/\/ts-couverture.com\/wp-content\/uploads\/2024\/10\/WhatsApp-Image-2024-10-16-at-19.07.03-4-768x1024.jpeg 768w, https:\/\/ts-couverture.com\/wp-content\/uploads\/2024\/10\/WhatsApp-Image-2024-10-16-at-19.07.03-4-225x300.jpeg 225w, https:\/\/ts-couverture.com\/wp-content\/uploads\/2024\/10\/WhatsApp-Image-2024-10-16-at-19.07.03-4-1152x1536.jpeg 1152w, https:\/\/ts-couverture.com\/wp-content\/uploads\/2024\/10\/WhatsApp-Image-2024-10-16-at-19.07.03-4.jpeg 1200w\" sizes=\"auto, (max-width: 768px) 100vw, 768px\" \/><\/figure>\n\n\n\n<figure class=\"wp-block-image size-large\"><img loading=\"lazy\" decoding=\"async\" width=\"768\" height=\"1024\" data-id=\"168\" src=\"https:\/\/ts-couverture.com\/wp-content\/uploads\/2024\/10\/WhatsApp-Image-2024-10-16-at-19.07.03-5-768x1024.jpeg\" alt=\"\" class=\"wp-image-168\" srcset=\"https:\/\/ts-couverture.com\/wp-content\/uploads\/2024\/10\/WhatsApp-Image-2024-10-16-at-19.07.03-5-768x1024.jpeg 768w, https:\/\/ts-couverture.com\/wp-content\/uploads\/2024\/10\/WhatsApp-Image-2024-10-16-at-19.07.03-5-225x300.jpeg 225w, https:\/\/ts-couverture.com\/wp-content\/uploads\/2024\/10\/WhatsApp-Image-2024-10-16-at-19.07.03-5-1152x1536.jpeg 1152w, https:\/\/ts-couverture.com\/wp-content\/uploads\/2024\/10\/WhatsApp-Image-2024-10-16-at-19.07.03-5.jpeg 1200w\" sizes=\"auto, (max-width: 768px) 100vw, 768px\" \/><\/figure>\n\n\n\n<figure class=\"wp-block-image size-large\"><img loading=\"lazy\" decoding=\"async\" width=\"1024\" height=\"768\" data-id=\"171\" src=\"https:\/\/ts-couverture.com\/wp-content\/uploads\/2024\/10\/WhatsApp-Image-2024-10-16-at-19.07.03-6-1024x768.jpeg\" alt=\"\" class=\"wp-image-171\" srcset=\"https:\/\/ts-couverture.com\/wp-content\/uploads\/2024\/10\/WhatsApp-Image-2024-10-16-at-19.07.03-6-1024x768.jpeg 1024w, https:\/\/ts-couverture.com\/wp-content\/uploads\/2024\/10\/WhatsApp-Image-2024-10-16-at-19.07.03-6-300x225.jpeg 300w, https:\/\/ts-couverture.com\/wp-content\/uploads\/2024\/10\/WhatsApp-Image-2024-10-16-at-19.07.03-6-768x576.jpeg 768w, https:\/\/ts-couverture.com\/wp-content\/uploads\/2024\/10\/WhatsApp-Image-2024-10-16-at-19.07.03-6-1536x1152.jpeg 1536w, https:\/\/ts-couverture.com\/wp-content\/uploads\/2024\/10\/WhatsApp-Image-2024-10-16-at-19.07.03-6.jpeg 1600w\" sizes=\"auto, (max-width: 1024px) 100vw, 1024px\" \/><\/figure>\n\n\n\n<figure class=\"wp-block-image size-large\"><img loading=\"lazy\" decoding=\"async\" width=\"1024\" height=\"768\" data-id=\"169\" src=\"https:\/\/ts-couverture.com\/wp-content\/uploads\/2024\/10\/WhatsApp-Image-2024-10-16-at-19.07.03-7-1024x768.jpeg\" alt=\"\" class=\"wp-image-169\" srcset=\"https:\/\/ts-couverture.com\/wp-content\/uploads\/2024\/10\/WhatsApp-Image-2024-10-16-at-19.07.03-7-1024x768.jpeg 1024w, https:\/\/ts-couverture.com\/wp-content\/uploads\/2024\/10\/WhatsApp-Image-2024-10-16-at-19.07.03-7-300x225.jpeg 300w, https:\/\/ts-couverture.com\/wp-content\/uploads\/2024\/10\/WhatsApp-Image-2024-10-16-at-19.07.03-7-768x576.jpeg 768w, https:\/\/ts-couverture.com\/wp-content\/uploads\/2024\/10\/WhatsApp-Image-2024-10-16-at-19.07.03-7-1536x1152.jpeg 1536w, https:\/\/ts-couverture.com\/wp-content\/uploads\/2024\/10\/WhatsApp-Image-2024-10-16-at-19.07.03-7.jpeg 1600w\" sizes=\"auto, (max-width: 1024px) 100vw, 1024px\" \/><\/figure>\n\n\n\n<figure class=\"wp-block-image size-large\"><img loading=\"lazy\" decoding=\"async\" width=\"768\" height=\"1024\" data-id=\"165\" src=\"https:\/\/ts-couverture.com\/wp-content\/uploads\/2024\/10\/WhatsApp-Image-2024-10-16-at-19.07.03-768x1024.jpeg\" alt=\"\" class=\"wp-image-165\" srcset=\"https:\/\/ts-couverture.com\/wp-content\/uploads\/2024\/10\/WhatsApp-Image-2024-10-16-at-19.07.03-768x1024.jpeg 768w, https:\/\/ts-couverture.com\/wp-content\/uploads\/2024\/10\/WhatsApp-Image-2024-10-16-at-19.07.03-225x300.jpeg 225w, https:\/\/ts-couverture.com\/wp-content\/uploads\/2024\/10\/WhatsApp-Image-2024-10-16-at-19.07.03-1152x1536.jpeg 1152w, https:\/\/ts-couverture.com\/wp-content\/uploads\/2024\/10\/WhatsApp-Image-2024-10-16-at-19.07.03.jpeg 1200w\" sizes=\"auto, (max-width: 768px) 100vw, 768px\" \/><\/figure>\n<\/figure>\n\n\n\n<figure class=\"wp-block-image size-large is-resized\"><img loading=\"lazy\" decoding=\"async\" width=\"1024\" height=\"687\" src=\"https:\/\/ts-couverture.com\/wp-content\/uploads\/2024\/02\/WhatsApp-Image-2024-02-16-at-14.18.55-1024x687.jpeg\" alt=\"\" class=\"wp-image-130\" style=\"width:388px;height:auto\" srcset=\"https:\/\/ts-couverture.com\/wp-content\/uploads\/2024\/02\/WhatsApp-Image-2024-02-16-at-14.18.55-1024x687.jpeg 1024w, https:\/\/ts-couverture.com\/wp-content\/uploads\/2024\/02\/WhatsApp-Image-2024-02-16-at-14.18.55-300x201.jpeg 300w, https:\/\/ts-couverture.com\/wp-content\/uploads\/2024\/02\/WhatsApp-Image-2024-02-16-at-14.18.55-768x515.jpeg 768w, https:\/\/ts-couverture.com\/wp-content\/uploads\/2024\/02\/WhatsApp-Image-2024-02-16-at-14.18.55.jpeg 1170w\" sizes=\"auto, (max-width: 1024px) 100vw, 1024px\" \/><\/figure>\n\n\n\n<figure class=\"wp-block-image size-full is-resized\"><img loading=\"lazy\" decoding=\"async\" width=\"826\" height=\"690\" src=\"https:\/\/ts-couverture.com\/wp-content\/uploads\/2024\/02\/WhatsApp-Image-2024-02-16-at-14.18.49.jpeg\" alt=\"\" class=\"wp-image-129\" style=\"width:386px;height:auto\" srcset=\"https:\/\/ts-couverture.com\/wp-content\/uploads\/2024\/02\/WhatsApp-Image-2024-02-16-at-14.18.49.jpeg 826w, https:\/\/ts-couverture.com\/wp-content\/uploads\/2024\/02\/WhatsApp-Image-2024-02-16-at-14.18.49-300x251.jpeg 300w, https:\/\/ts-couverture.com\/wp-content\/uploads\/2024\/02\/WhatsApp-Image-2024-02-16-at-14.18.49-768x642.jpeg 768w\" sizes=\"auto, (max-width: 826px) 100vw, 826px\" \/><\/figure>\n\n\n\n<p><\/p>\n\n\n\n<figure class=\"wp-block-image size-large is-resized\"><img loading=\"lazy\" decoding=\"async\" width=\"576\" height=\"1024\" src=\"https:\/\/ts-couverture.com\/wp-content\/uploads\/2024\/02\/WhatsApp-Image-2024-02-16-at-14.06.04-1-576x1024.jpeg\" alt=\"\" class=\"wp-image-121\" style=\"width:400px;height:auto\" srcset=\"https:\/\/ts-couverture.com\/wp-content\/uploads\/2024\/02\/WhatsApp-Image-2024-02-16-at-14.06.04-1-576x1024.jpeg 576w, https:\/\/ts-couverture.com\/wp-content\/uploads\/2024\/02\/WhatsApp-Image-2024-02-16-at-14.06.04-1-169x300.jpeg 169w, https:\/\/ts-couverture.com\/wp-content\/uploads\/2024\/02\/WhatsApp-Image-2024-02-16-at-14.06.04-1-768x1365.jpeg 768w, https:\/\/ts-couverture.com\/wp-content\/uploads\/2024\/02\/WhatsApp-Image-2024-02-16-at-14.06.04-1-864x1536.jpeg 864w, https:\/\/ts-couverture.com\/wp-content\/uploads\/2024\/02\/WhatsApp-Image-2024-02-16-at-14.06.04-1.jpeg 900w\" sizes=\"auto, (max-width: 576px) 100vw, 576px\" \/><\/figure>\n\n\n\n<p><\/p>\n\n\n\n<p><\/p>\n\n\n\n<figure class=\"wp-block-gallery has-nested-images columns-default is-cropped wp-block-gallery-2 is-layout-flex wp-block-gallery-is-layout-flex\">\n<figure class=\"wp-block-image size-large\"><img loading=\"lazy\" decoding=\"async\" width=\"768\" height=\"1024\" data-id=\"80\" src=\"https:\/\/ts-couverture.com\/wp-content\/uploads\/2024\/02\/WhatsApp-Image-2024-02-14-at-19.12.49-1-768x1024.jpeg\" alt=\"\" class=\"wp-image-80\" srcset=\"https:\/\/ts-couverture.com\/wp-content\/uploads\/2024\/02\/WhatsApp-Image-2024-02-14-at-19.12.49-1-768x1024.jpeg 768w, https:\/\/ts-couverture.com\/wp-content\/uploads\/2024\/02\/WhatsApp-Image-2024-02-14-at-19.12.49-1-225x300.jpeg 225w, https:\/\/ts-couverture.com\/wp-content\/uploads\/2024\/02\/WhatsApp-Image-2024-02-14-at-19.12.49-1-1152x1536.jpeg 1152w, https:\/\/ts-couverture.com\/wp-content\/uploads\/2024\/02\/WhatsApp-Image-2024-02-14-at-19.12.49-1.jpeg 1200w\" sizes=\"auto, (max-width: 768px) 100vw, 768px\" \/><\/figure>\n\n\n\n<figure class=\"wp-block-image size-large\"><img loading=\"lazy\" decoding=\"async\" width=\"768\" height=\"1024\" data-id=\"81\" src=\"https:\/\/ts-couverture.com\/wp-content\/uploads\/2024\/02\/WhatsApp-Image-2024-02-14-at-19.14.48-1-768x1024.jpeg\" alt=\"\" class=\"wp-image-81\" srcset=\"https:\/\/ts-couverture.com\/wp-content\/uploads\/2024\/02\/WhatsApp-Image-2024-02-14-at-19.14.48-1-768x1024.jpeg 768w, https:\/\/ts-couverture.com\/wp-content\/uploads\/2024\/02\/WhatsApp-Image-2024-02-14-at-19.14.48-1-225x300.jpeg 225w, https:\/\/ts-couverture.com\/wp-content\/uploads\/2024\/02\/WhatsApp-Image-2024-02-14-at-19.14.48-1-1152x1536.jpeg 1152w, https:\/\/ts-couverture.com\/wp-content\/uploads\/2024\/02\/WhatsApp-Image-2024-02-14-at-19.14.48-1.jpeg 1200w\" sizes=\"auto, (max-width: 768px) 100vw, 768px\" \/><\/figure>\n\n\n\n<figure class=\"wp-block-image size-large\"><img loading=\"lazy\" decoding=\"async\" width=\"472\" height=\"1024\" data-id=\"83\" src=\"https:\/\/ts-couverture.com\/wp-content\/uploads\/2024\/02\/WhatsApp-Image-2024-02-14-at-19.16.50-1-472x1024.jpeg\" alt=\"\" class=\"wp-image-83\" srcset=\"https:\/\/ts-couverture.com\/wp-content\/uploads\/2024\/02\/WhatsApp-Image-2024-02-14-at-19.16.50-1-472x1024.jpeg 472w, https:\/\/ts-couverture.com\/wp-content\/uploads\/2024\/02\/WhatsApp-Image-2024-02-14-at-19.16.50-1-138x300.jpeg 138w, https:\/\/ts-couverture.com\/wp-content\/uploads\/2024\/02\/WhatsApp-Image-2024-02-14-at-19.16.50-1.jpeg 562w\" sizes=\"auto, (max-width: 472px) 100vw, 472px\" \/><\/figure>\n\n\n\n<figure class=\"wp-block-image size-large\"><img loading=\"lazy\" decoding=\"async\" width=\"768\" height=\"1024\" data-id=\"85\" src=\"https:\/\/ts-couverture.com\/wp-content\/uploads\/2024\/02\/WhatsApp-Image-2024-02-14-at-19.18.24-1-768x1024.jpeg\" alt=\"\" class=\"wp-image-85\" srcset=\"https:\/\/ts-couverture.com\/wp-content\/uploads\/2024\/02\/WhatsApp-Image-2024-02-14-at-19.18.24-1-768x1024.jpeg 768w, https:\/\/ts-couverture.com\/wp-content\/uploads\/2024\/02\/WhatsApp-Image-2024-02-14-at-19.18.24-1-225x300.jpeg 225w, https:\/\/ts-couverture.com\/wp-content\/uploads\/2024\/02\/WhatsApp-Image-2024-02-14-at-19.18.24-1-1152x1536.jpeg 1152w, https:\/\/ts-couverture.com\/wp-content\/uploads\/2024\/02\/WhatsApp-Image-2024-02-14-at-19.18.24-1.jpeg 1200w\" sizes=\"auto, (max-width: 768px) 100vw, 768px\" \/><\/figure>\n\n\n\n<figure class=\"wp-block-image size-large\"><img loading=\"lazy\" decoding=\"async\" width=\"472\" height=\"1024\" data-id=\"78\" src=\"https:\/\/ts-couverture.com\/wp-content\/uploads\/2024\/02\/WhatsApp-Image-2024-02-14-at-19.19.03-1-472x1024.jpeg\" alt=\"\" class=\"wp-image-78\" srcset=\"https:\/\/ts-couverture.com\/wp-content\/uploads\/2024\/02\/WhatsApp-Image-2024-02-14-at-19.19.03-1-472x1024.jpeg 472w, https:\/\/ts-couverture.com\/wp-content\/uploads\/2024\/02\/WhatsApp-Image-2024-02-14-at-19.19.03-1-138x300.jpeg 138w, https:\/\/ts-couverture.com\/wp-content\/uploads\/2024\/02\/WhatsApp-Image-2024-02-14-at-19.19.03-1.jpeg 562w\" sizes=\"auto, (max-width: 472px) 100vw, 472px\" \/><\/figure>\n\n\n\n<figure class=\"wp-block-image size-large\"><img loading=\"lazy\" decoding=\"async\" width=\"768\" height=\"1024\" data-id=\"86\" src=\"https:\/\/ts-couverture.com\/wp-content\/uploads\/2024\/02\/WhatsApp-Image-2024-02-14-at-19.19.36-1-768x1024.jpeg\" alt=\"\" class=\"wp-image-86\" srcset=\"https:\/\/ts-couverture.com\/wp-content\/uploads\/2024\/02\/WhatsApp-Image-2024-02-14-at-19.19.36-1-768x1024.jpeg 768w, https:\/\/ts-couverture.com\/wp-content\/uploads\/2024\/02\/WhatsApp-Image-2024-02-14-at-19.19.36-1-225x300.jpeg 225w, https:\/\/ts-couverture.com\/wp-content\/uploads\/2024\/02\/WhatsApp-Image-2024-02-14-at-19.19.36-1-1152x1536.jpeg 1152w, https:\/\/ts-couverture.com\/wp-content\/uploads\/2024\/02\/WhatsApp-Image-2024-02-14-at-19.19.36-1.jpeg 1200w\" sizes=\"auto, (max-width: 768px) 100vw, 768px\" \/><\/figure>\n\n\n\n<figure class=\"wp-block-image size-large\"><img loading=\"lazy\" decoding=\"async\" width=\"768\" height=\"1024\" data-id=\"91\" src=\"https:\/\/ts-couverture.com\/wp-content\/uploads\/2024\/02\/WhatsApp-Image-2024-02-14-at-19.20.52-2-768x1024.jpeg\" alt=\"\" class=\"wp-image-91\" srcset=\"https:\/\/ts-couverture.com\/wp-content\/uploads\/2024\/02\/WhatsApp-Image-2024-02-14-at-19.20.52-2-768x1024.jpeg 768w, https:\/\/ts-couverture.com\/wp-content\/uploads\/2024\/02\/WhatsApp-Image-2024-02-14-at-19.20.52-2-225x300.jpeg 225w, https:\/\/ts-couverture.com\/wp-content\/uploads\/2024\/02\/WhatsApp-Image-2024-02-14-at-19.20.52-2-1152x1536.jpeg 1152w, https:\/\/ts-couverture.com\/wp-content\/uploads\/2024\/02\/WhatsApp-Image-2024-02-14-at-19.20.52-2.jpeg 1200w\" sizes=\"auto, (max-width: 768px) 100vw, 768px\" \/><\/figure>\n\n\n\n<figure class=\"wp-block-image size-large\"><img loading=\"lazy\" decoding=\"async\" width=\"768\" height=\"1024\" data-id=\"95\" src=\"https:\/\/ts-couverture.com\/wp-content\/uploads\/2024\/02\/WhatsApp-Image-2024-02-14-at-19.22.09-1-768x1024.jpeg\" alt=\"\" class=\"wp-image-95\" srcset=\"https:\/\/ts-couverture.com\/wp-content\/uploads\/2024\/02\/WhatsApp-Image-2024-02-14-at-19.22.09-1-768x1024.jpeg 768w, https:\/\/ts-couverture.com\/wp-content\/uploads\/2024\/02\/WhatsApp-Image-2024-02-14-at-19.22.09-1-225x300.jpeg 225w, https:\/\/ts-couverture.com\/wp-content\/uploads\/2024\/02\/WhatsApp-Image-2024-02-14-at-19.22.09-1-1152x1536.jpeg 1152w, https:\/\/ts-couverture.com\/wp-content\/uploads\/2024\/02\/WhatsApp-Image-2024-02-14-at-19.22.09-1.jpeg 1200w\" sizes=\"auto, (max-width: 768px) 100vw, 768px\" \/><\/figure>\n\n\n\n<figure class=\"wp-block-image size-large\"><img loading=\"lazy\" decoding=\"async\" width=\"768\" height=\"1024\" data-id=\"99\" src=\"https:\/\/ts-couverture.com\/wp-content\/uploads\/2024\/02\/WhatsApp-Image-2024-02-14-at-19.22.31-1-768x1024.jpeg\" alt=\"\" class=\"wp-image-99\" srcset=\"https:\/\/ts-couverture.com\/wp-content\/uploads\/2024\/02\/WhatsApp-Image-2024-02-14-at-19.22.31-1-768x1024.jpeg 768w, https:\/\/ts-couverture.com\/wp-content\/uploads\/2024\/02\/WhatsApp-Image-2024-02-14-at-19.22.31-1-225x300.jpeg 225w, https:\/\/ts-couverture.com\/wp-content\/uploads\/2024\/02\/WhatsApp-Image-2024-02-14-at-19.22.31-1-1152x1536.jpeg 1152w, https:\/\/ts-couverture.com\/wp-content\/uploads\/2024\/02\/WhatsApp-Image-2024-02-14-at-19.22.31-1.jpeg 1200w\" sizes=\"auto, (max-width: 768px) 100vw, 768px\" \/><\/figure>\n\n\n\n<figure class=\"wp-block-image size-large\"><img loading=\"lazy\" decoding=\"async\" width=\"768\" height=\"1024\" data-id=\"94\" src=\"https:\/\/ts-couverture.com\/wp-content\/uploads\/2024\/02\/WhatsApp-Image-2024-02-14-at-19.22.49-1-768x1024.jpeg\" alt=\"\" class=\"wp-image-94\" srcset=\"https:\/\/ts-couverture.com\/wp-content\/uploads\/2024\/02\/WhatsApp-Image-2024-02-14-at-19.22.49-1-768x1024.jpeg 768w, https:\/\/ts-couverture.com\/wp-content\/uploads\/2024\/02\/WhatsApp-Image-2024-02-14-at-19.22.49-1-225x300.jpeg 225w, https:\/\/ts-couverture.com\/wp-content\/uploads\/2024\/02\/WhatsApp-Image-2024-02-14-at-19.22.49-1-1152x1536.jpeg 1152w, https:\/\/ts-couverture.com\/wp-content\/uploads\/2024\/02\/WhatsApp-Image-2024-02-14-at-19.22.49-1.jpeg 1200w\" sizes=\"auto, (max-width: 768px) 100vw, 768px\" \/><\/figure>\n\n\n\n<figure class=\"wp-block-image size-large\"><img loading=\"lazy\" decoding=\"async\" width=\"768\" height=\"1024\" data-id=\"102\" src=\"https:\/\/ts-couverture.com\/wp-content\/uploads\/2024\/02\/WhatsApp-Image-2024-02-14-at-19.23.24-1-768x1024.jpeg\" alt=\"\" class=\"wp-image-102\" srcset=\"https:\/\/ts-couverture.com\/wp-content\/uploads\/2024\/02\/WhatsApp-Image-2024-02-14-at-19.23.24-1-768x1024.jpeg 768w, https:\/\/ts-couverture.com\/wp-content\/uploads\/2024\/02\/WhatsApp-Image-2024-02-14-at-19.23.24-1-225x300.jpeg 225w, https:\/\/ts-couverture.com\/wp-content\/uploads\/2024\/02\/WhatsApp-Image-2024-02-14-at-19.23.24-1-1152x1536.jpeg 1152w, https:\/\/ts-couverture.com\/wp-content\/uploads\/2024\/02\/WhatsApp-Image-2024-02-14-at-19.23.24-1.jpeg 1200w\" sizes=\"auto, (max-width: 768px) 100vw, 768px\" \/><\/figure>\n\n\n\n<figure class=\"wp-block-image size-large\"><img loading=\"lazy\" decoding=\"async\" width=\"768\" height=\"1024\" data-id=\"96\" src=\"https:\/\/ts-couverture.com\/wp-content\/uploads\/2024\/02\/WhatsApp-Image-2024-02-14-at-19.24.08-1-768x1024.jpeg\" alt=\"\" class=\"wp-image-96\" srcset=\"https:\/\/ts-couverture.com\/wp-content\/uploads\/2024\/02\/WhatsApp-Image-2024-02-14-at-19.24.08-1-768x1024.jpeg 768w, https:\/\/ts-couverture.com\/wp-content\/uploads\/2024\/02\/WhatsApp-Image-2024-02-14-at-19.24.08-1-225x300.jpeg 225w, https:\/\/ts-couverture.com\/wp-content\/uploads\/2024\/02\/WhatsApp-Image-2024-02-14-at-19.24.08-1-1152x1536.jpeg 1152w, https:\/\/ts-couverture.com\/wp-content\/uploads\/2024\/02\/WhatsApp-Image-2024-02-14-at-19.24.08-1.jpeg 1200w\" sizes=\"auto, (max-width: 768px) 100vw, 768px\" \/><\/figure>\n\n\n\n<figure class=\"wp-block-image size-large\"><img loading=\"lazy\" decoding=\"async\" width=\"1024\" height=\"768\" data-id=\"100\" src=\"https:\/\/ts-couverture.com\/wp-content\/uploads\/2024\/02\/WhatsApp-Image-2024-02-14-at-19.25.18-1-1024x768.jpeg\" alt=\"\" class=\"wp-image-100\" srcset=\"https:\/\/ts-couverture.com\/wp-content\/uploads\/2024\/02\/WhatsApp-Image-2024-02-14-at-19.25.18-1-1024x768.jpeg 1024w, https:\/\/ts-couverture.com\/wp-content\/uploads\/2024\/02\/WhatsApp-Image-2024-02-14-at-19.25.18-1-300x225.jpeg 300w, https:\/\/ts-couverture.com\/wp-content\/uploads\/2024\/02\/WhatsApp-Image-2024-02-14-at-19.25.18-1-768x576.jpeg 768w, https:\/\/ts-couverture.com\/wp-content\/uploads\/2024\/02\/WhatsApp-Image-2024-02-14-at-19.25.18-1-1536x1152.jpeg 1536w, https:\/\/ts-couverture.com\/wp-content\/uploads\/2024\/02\/WhatsApp-Image-2024-02-14-at-19.25.18-1.jpeg 1600w\" sizes=\"auto, (max-width: 1024px) 100vw, 1024px\" \/><\/figure>\n\n\n\n<figure class=\"wp-block-image size-large\"><img loading=\"lazy\" decoding=\"async\" width=\"768\" height=\"1024\" data-id=\"101\" src=\"https:\/\/ts-couverture.com\/wp-content\/uploads\/2024\/02\/WhatsApp-Image-2024-02-14-at-19.26.58-1-768x1024.jpeg\" alt=\"\" class=\"wp-image-101\" srcset=\"https:\/\/ts-couverture.com\/wp-content\/uploads\/2024\/02\/WhatsApp-Image-2024-02-14-at-19.26.58-1-768x1024.jpeg 768w, https:\/\/ts-couverture.com\/wp-content\/uploads\/2024\/02\/WhatsApp-Image-2024-02-14-at-19.26.58-1-225x300.jpeg 225w, https:\/\/ts-couverture.com\/wp-content\/uploads\/2024\/02\/WhatsApp-Image-2024-02-14-at-19.26.58-1-1152x1536.jpeg 1152w, https:\/\/ts-couverture.com\/wp-content\/uploads\/2024\/02\/WhatsApp-Image-2024-02-14-at-19.26.58-1.jpeg 1200w\" sizes=\"auto, (max-width: 768px) 100vw, 768px\" \/><\/figure>\n\n\n\n<figure class=\"wp-block-image size-large\"><img loading=\"lazy\" decoding=\"async\" width=\"701\" height=\"638\" data-id=\"98\" src=\"https:\/\/ts-couverture.com\/wp-content\/uploads\/2024\/02\/WhatsApp-Image-2024-02-14-at-19.27.09-1.jpeg\" alt=\"\" class=\"wp-image-98\" srcset=\"https:\/\/ts-couverture.com\/wp-content\/uploads\/2024\/02\/WhatsApp-Image-2024-02-14-at-19.27.09-1.jpeg 701w, https:\/\/ts-couverture.com\/wp-content\/uploads\/2024\/02\/WhatsApp-Image-2024-02-14-at-19.27.09-1-300x273.jpeg 300w\" sizes=\"auto, (max-width: 701px) 100vw, 701px\" \/><\/figure>\n\n\n\n<figure class=\"wp-block-image size-large\"><img loading=\"lazy\" decoding=\"async\" width=\"490\" height=\"871\" data-id=\"82\" src=\"https:\/\/ts-couverture.com\/wp-content\/uploads\/2024\/02\/WhatsApp-Image-2024-02-14-at-19.28.11-1.jpeg\" alt=\"\" class=\"wp-image-82\" srcset=\"https:\/\/ts-couverture.com\/wp-content\/uploads\/2024\/02\/WhatsApp-Image-2024-02-14-at-19.28.11-1.jpeg 490w, https:\/\/ts-couverture.com\/wp-content\/uploads\/2024\/02\/WhatsApp-Image-2024-02-14-at-19.28.11-1-169x300.jpeg 169w\" sizes=\"auto, (max-width: 490px) 100vw, 490px\" \/><\/figure>\n<\/figure>\n","protected":false},"excerpt":{"rendered":"<p>Ce que nous avons r\u00e9alis\u00e9 Vid\u00e9os Photos<\/p>\n","protected":false},"author":1,"featured_media":0,"parent":0,"menu_order":0,"comment_status":"closed","ping_status":"closed","template":"","meta":{"om_disable_all_campaigns":false,"_monsterinsights_skip_tracking":false,"_monsterinsights_sitenote_active":false,"_monsterinsights_sitenote_note":"","_monsterinsights_sitenote_category":0,"footnotes":""},"class_list":["post-37","page","type-page","status-publish","hentry"],"aioseo_notices":[],"_links":{"self":[{"href":"https:\/\/ts-couverture.com\/index.php\/wp-json\/wp\/v2\/pages\/37","targetHints":{"allow":["GET"]}}],"collection":[{"href":"https:\/\/ts-couverture.com\/index.php\/wp-json\/wp\/v2\/pages"}],"about":[{"href":"https:\/\/ts-couverture.com\/index.php\/wp-json\/wp\/v2\/types\/page"}],"author":[{"embeddable":true,"href":"https:\/\/ts-couverture.com\/index.php\/wp-json\/wp\/v2\/users\/1"}],"replies":[{"embeddable":true,"href":"https:\/\/ts-couverture.com\/index.php\/wp-json\/wp\/v2\/comments?post=37"}],"version-history":[{"count":7,"href":"https:\/\/ts-couverture.com\/index.php\/wp-json\/wp\/v2\/pages\/37\/revisions"}],"predecessor-version":[{"id":175,"href":"https:\/\/ts-couverture.com\/index.php\/wp-json\/wp\/v2\/pages\/37\/revisions\/175"}],"wp:attachment":[{"href":"https:\/\/ts-couverture.com\/index.php\/wp-json\/wp\/v2\/media?parent=37"}],"curies":[{"name":"wp","href":"https:\/\/api.w.org\/{rel}","templated":true}]}}