{"id":39,"date":"2024-02-15T23:12:26","date_gmt":"2024-02-15T22:12:26","guid":{"rendered":"https:\/\/ts-couverture.com\/?page_id=39"},"modified":"2024-02-20T18:50:50","modified_gmt":"2024-02-20T17:50:50","slug":"a-propos","status":"publish","type":"page","link":"https:\/\/ts-couverture.com\/index.php\/a-propos\/","title":{"rendered":"A propos"},"content":{"rendered":"\n<blockquote class=\"wp-block-quote is-layout-flow wp-block-quote-is-layout-flow\">\n<p><strong>Steeve TAMBOURET<\/strong> est l&rsquo;expert en couverture dans la r\u00e9gion des hauts de France, Seine et Marne et \u00cele de France<\/p>\n<\/blockquote>\n\n\n\n<blockquote class=\"wp-block-quote is-layout-flow wp-block-quote-is-layout-flow\">\n<p>3 ans d&rsquo;apprentissage en couverture, peinture et charpente de 15 ans \u00e0 18 ans <\/p>\n<\/blockquote>\n\n\n\n<blockquote class=\"wp-block-quote is-layout-flow wp-block-quote-is-layout-flow\">\n<p>Je me suis \u00e0 mon compte \u00e0 24 ans en cr\u00e9ant ma soci\u00e9t\u00e9 de couverture <\/p>\n<\/blockquote>\n\n\n\n<blockquote class=\"wp-block-quote is-layout-flow wp-block-quote-is-layout-flow\">\n<p>Plus de mille de chantiers de couverture et charpente<\/p>\n<\/blockquote>\n\n\n\n<blockquote class=\"wp-block-quote is-layout-flow wp-block-quote-is-layout-flow\">\n<p>Prestation de service avec mise hors d&rsquo;eau en moins de 24H en partenariat avec des assurances<\/p>\n<\/blockquote>\n\n\n\n<blockquote class=\"wp-block-quote is-layout-flow wp-block-quote-is-layout-flow\">\n<p>Rigueur, s\u00e9rieux, accompagnement du client, conseil et suivi des travaux <\/p>\n<\/blockquote>\n\n\n\n<p><\/p>\n\n\n\n<p>Son expertise dans la couverture et la r\u00e9novation est reconnue par ses clients avec des exemples de ses\u00a0<a href=\"https:\/\/ts-couverture.com\/index.php\/realisations\/\" data-type=\"page\" data-id=\"37\">r\u00e9alisations<\/a>.<\/p>\n\n\n\n<p>Steeve TAMBOURET  travaille avec les partenaires suivants :<\/p>\n\n\n\n<figure class=\"wp-block-image\"><img decoding=\"async\" src=\"https:\/\/jc-couverture.pro\/wp-content\/uploads\/2024\/02\/image-13.png\" alt=\"\" class=\"wp-image-172\"\/><\/figure>\n\n\n\n<p><strong>5\/5 sur travaux.com\u00a0<\/strong><\/p>\n\n\n\n<figure class=\"wp-block-image\"><a href=\"https:\/\/www.travaux.com\/professionnel\/tambouret-steeve\" target=\"_blank\" rel=\"noreferrer noopener\"><img decoding=\"async\" src=\"https:\/\/jc-couverture.pro\/wp-content\/uploads\/2024\/02\/image-5.png\" alt=\"\" class=\"wp-image-162\"\/><\/a><\/figure>\n\n\n\n<figure class=\"wp-block-image size-full is-resized\"><a href=\"https:\/\/www.facebook.com\/p\/Ts-couverture-peinture-100063828564404\/\" target=\"_blank\" rel=\"noreferrer noopener\"><img loading=\"lazy\" decoding=\"async\" width=\"225\" height=\"225\" src=\"https:\/\/ts-couverture.com\/wp-content\/uploads\/2024\/02\/image-1.png\" alt=\"\" class=\"wp-image-140\" style=\"width:148px;height:auto\" srcset=\"https:\/\/ts-couverture.com\/wp-content\/uploads\/2024\/02\/image-1.png 225w, https:\/\/ts-couverture.com\/wp-content\/uploads\/2024\/02\/image-1-150x150.png 150w\" sizes=\"auto, (max-width: 225px) 100vw, 225px\" \/><\/a><\/figure>\n\n\n\n<p><\/p>\n\n\n\n<figure class=\"wp-block-image size-large is-resized\"><img loading=\"lazy\" decoding=\"async\" width=\"1024\" height=\"668\" src=\"https:\/\/ts-couverture.com\/wp-content\/uploads\/2024\/02\/WhatsApp-Image-2024-02-16-at-14.21.55-1024x668.jpeg\" alt=\"\" class=\"wp-image-134\" style=\"width:350px;height:auto\" srcset=\"https:\/\/ts-couverture.com\/wp-content\/uploads\/2024\/02\/WhatsApp-Image-2024-02-16-at-14.21.55-1024x668.jpeg 1024w, https:\/\/ts-couverture.com\/wp-content\/uploads\/2024\/02\/WhatsApp-Image-2024-02-16-at-14.21.55-300x196.jpeg 300w, https:\/\/ts-couverture.com\/wp-content\/uploads\/2024\/02\/WhatsApp-Image-2024-02-16-at-14.21.55-768x501.jpeg 768w, https:\/\/ts-couverture.com\/wp-content\/uploads\/2024\/02\/WhatsApp-Image-2024-02-16-at-14.21.55-1536x1001.jpeg 1536w, https:\/\/ts-couverture.com\/wp-content\/uploads\/2024\/02\/WhatsApp-Image-2024-02-16-at-14.21.55.jpeg 1600w\" sizes=\"auto, (max-width: 1024px) 100vw, 1024px\" \/><\/figure>\n\n\n\n<figure class=\"wp-block-image size-large is-resized\"><img loading=\"lazy\" decoding=\"async\" width=\"1024\" height=\"291\" src=\"https:\/\/ts-couverture.com\/wp-content\/uploads\/2024\/02\/WhatsApp-Image-2024-02-16-at-14.21.06-1024x291.jpeg\" alt=\"\" class=\"wp-image-132\" style=\"width:349px;height:auto\" srcset=\"https:\/\/ts-couverture.com\/wp-content\/uploads\/2024\/02\/WhatsApp-Image-2024-02-16-at-14.21.06-1024x291.jpeg 1024w, https:\/\/ts-couverture.com\/wp-content\/uploads\/2024\/02\/WhatsApp-Image-2024-02-16-at-14.21.06-300x85.jpeg 300w, https:\/\/ts-couverture.com\/wp-content\/uploads\/2024\/02\/WhatsApp-Image-2024-02-16-at-14.21.06-768x218.jpeg 768w, https:\/\/ts-couverture.com\/wp-content\/uploads\/2024\/02\/WhatsApp-Image-2024-02-16-at-14.21.06-1536x437.jpeg 1536w, https:\/\/ts-couverture.com\/wp-content\/uploads\/2024\/02\/WhatsApp-Image-2024-02-16-at-14.21.06.jpeg 1600w\" sizes=\"auto, (max-width: 1024px) 100vw, 1024px\" \/><\/figure>\n\n\n\n<p><\/p>\n\n\n\n<figure class=\"wp-block-image size-large is-resized\"><img loading=\"lazy\" decoding=\"async\" width=\"898\" height=\"1024\" src=\"https:\/\/ts-couverture.com\/wp-content\/uploads\/2024\/02\/WhatsApp-Image-2024-02-16-at-14.14.57-898x1024.jpeg\" alt=\"\" class=\"wp-image-123\" style=\"width:286px;height:auto\" srcset=\"https:\/\/ts-couverture.com\/wp-content\/uploads\/2024\/02\/WhatsApp-Image-2024-02-16-at-14.14.57-898x1024.jpeg 898w, https:\/\/ts-couverture.com\/wp-content\/uploads\/2024\/02\/WhatsApp-Image-2024-02-16-at-14.14.57-263x300.jpeg 263w, https:\/\/ts-couverture.com\/wp-content\/uploads\/2024\/02\/WhatsApp-Image-2024-02-16-at-14.14.57-768x876.jpeg 768w, https:\/\/ts-couverture.com\/wp-content\/uploads\/2024\/02\/WhatsApp-Image-2024-02-16-at-14.14.57.jpeg 1170w\" sizes=\"auto, (max-width: 898px) 100vw, 898px\" \/><\/figure>\n\n\n\n<figure class=\"wp-block-image size-large is-resized\"><img loading=\"lazy\" decoding=\"async\" width=\"1024\" height=\"530\" src=\"https:\/\/ts-couverture.com\/wp-content\/uploads\/2024\/02\/WhatsApp-Image-2024-02-16-at-14.15.01-1024x530.jpeg\" alt=\"\" class=\"wp-image-124\" style=\"width:321px;height:auto\" srcset=\"https:\/\/ts-couverture.com\/wp-content\/uploads\/2024\/02\/WhatsApp-Image-2024-02-16-at-14.15.01-1024x530.jpeg 1024w, https:\/\/ts-couverture.com\/wp-content\/uploads\/2024\/02\/WhatsApp-Image-2024-02-16-at-14.15.01-300x155.jpeg 300w, https:\/\/ts-couverture.com\/wp-content\/uploads\/2024\/02\/WhatsApp-Image-2024-02-16-at-14.15.01-768x397.jpeg 768w, https:\/\/ts-couverture.com\/wp-content\/uploads\/2024\/02\/WhatsApp-Image-2024-02-16-at-14.15.01.jpeg 1170w\" sizes=\"auto, (max-width: 1024px) 100vw, 1024px\" \/><\/figure>\n\n\n\n<figure class=\"wp-block-image size-large is-resized\"><img loading=\"lazy\" decoding=\"async\" width=\"1024\" height=\"525\" src=\"https:\/\/ts-couverture.com\/wp-content\/uploads\/2024\/02\/WhatsApp-Image-2024-02-16-at-14.15.05-1024x525.jpeg\" alt=\"\" class=\"wp-image-126\" style=\"width:330px;height:auto\" srcset=\"https:\/\/ts-couverture.com\/wp-content\/uploads\/2024\/02\/WhatsApp-Image-2024-02-16-at-14.15.05-1024x525.jpeg 1024w, https:\/\/ts-couverture.com\/wp-content\/uploads\/2024\/02\/WhatsApp-Image-2024-02-16-at-14.15.05-300x154.jpeg 300w, https:\/\/ts-couverture.com\/wp-content\/uploads\/2024\/02\/WhatsApp-Image-2024-02-16-at-14.15.05-768x393.jpeg 768w, https:\/\/ts-couverture.com\/wp-content\/uploads\/2024\/02\/WhatsApp-Image-2024-02-16-at-14.15.05.jpeg 1142w\" sizes=\"auto, (max-width: 1024px) 100vw, 1024px\" \/><\/figure>\n\n\n\n<figure class=\"wp-block-image\"><img decoding=\"async\" src=\"http:\/\/jc-couverture.pro\/wp-content\/uploads\/2024\/02\/image.png\" alt=\"\" class=\"wp-image-143\"\/><\/figure>\n\n\n\n<figure class=\"wp-block-image\"><img decoding=\"async\" src=\"http:\/\/jc-couverture.pro\/wp-content\/uploads\/2024\/02\/image-1.png\" alt=\"\" class=\"wp-image-144\"\/><\/figure>\n\n\n\n<figure class=\"wp-block-image\"><img decoding=\"async\" src=\"http:\/\/jc-couverture.pro\/wp-content\/uploads\/2024\/02\/image-2.png\" alt=\"\" class=\"wp-image-145\"\/><\/figure>\n\n\n\n<figure class=\"wp-block-image\"><img decoding=\"async\" src=\"http:\/\/jc-couverture.pro\/wp-content\/uploads\/2024\/02\/image-4.png\" alt=\"\" class=\"wp-image-147\"\/><\/figure>\n","protected":false},"excerpt":{"rendered":"<p>Steeve TAMBOURET est l&rsquo;expert en couverture dans la r\u00e9gion des hauts de France, Seine et Marne et \u00cele de France 3 ans d&rsquo;apprentissage en couverture, peinture et charpente de 15 ans \u00e0 18 ans Je me suis \u00e0 mon compte \u00e0 24 ans en cr\u00e9ant ma soci\u00e9t\u00e9 de couverture Plus de mille de chantiers de [&hellip;]<\/p>\n","protected":false},"author":1,"featured_media":0,"parent":0,"menu_order":0,"comment_status":"closed","ping_status":"closed","template":"","meta":{"om_disable_all_campaigns":false,"_monsterinsights_skip_tracking":false,"_monsterinsights_sitenote_active":false,"_monsterinsights_sitenote_note":"","_monsterinsights_sitenote_category":0,"footnotes":""},"class_list":["post-39","page","type-page","status-publish","hentry"],"aioseo_notices":[],"_links":{"self":[{"href":"https:\/\/ts-couverture.com\/index.php\/wp-json\/wp\/v2\/pages\/39","targetHints":{"allow":["GET"]}}],"collection":[{"href":"https:\/\/ts-couverture.com\/index.php\/wp-json\/wp\/v2\/pages"}],"about":[{"href":"https:\/\/ts-couverture.com\/index.php\/wp-json\/wp\/v2\/types\/page"}],"author":[{"embeddable":true,"href":"https:\/\/ts-couverture.com\/index.php\/wp-json\/wp\/v2\/users\/1"}],"replies":[{"embeddable":true,"href":"https:\/\/ts-couverture.com\/index.php\/wp-json\/wp\/v2\/comments?post=39"}],"version-history":[{"count":9,"href":"https:\/\/ts-couverture.com\/index.php\/wp-json\/wp\/v2\/pages\/39\/revisions"}],"predecessor-version":[{"id":142,"href":"https:\/\/ts-couverture.com\/index.php\/wp-json\/wp\/v2\/pages\/39\/revisions\/142"}],"wp:attachment":[{"href":"https:\/\/ts-couverture.com\/index.php\/wp-json\/wp\/v2\/media?parent=39"}],"curies":[{"name":"wp","href":"https:\/\/api.w.org\/{rel}","templated":true}]}}